{"id":103,"date":"2015-03-22T00:11:16","date_gmt":"2015-03-22T00:11:16","guid":{"rendered":"https:\/\/conservatoriostpaul.wordpress.com\/?page_id=103"},"modified":"2023-03-23T21:22:17","modified_gmt":"2023-03-23T21:22:17","slug":"clases","status":"publish","type":"page","link":"https:\/\/www.stpaul.cl\/conservatorio2026\/?page_id=103","title":{"rendered":"CLASES"},"content":{"rendered":"<p><strong>CLASES CONSERVATORIO<\/strong><\/p>\n<ul>\n<li>Se imparten una vez por semana, en el horario inscrito.<\/li>\n<li>Son individuales (pudiendo asistir el apoderado, si lo desea)<\/li>\n<li>Tienen una duraci\u00f3n de 45 minutos<\/li>\n<li>Con motivo de la presentaci\u00f3n anual, durante el segundo semestre se realizan ensayos en conjunto con alumnos de otras c\u00e1tedras. Las fechas de cada ensayo se avisan con anterioridad.<\/li>\n<\/ul>\n","protected":false},"excerpt":{"rendered":"<p>CLASES CONSERVATORIO Se imparten una vez por semana, en el horario inscrito. Son individuales (pudiendo asistir el apoderado, si lo desea) Tienen una duraci\u00f3n de 45 minutos Con motivo de la presentaci\u00f3n anual, durante el segundo semestre se realizan ensayos en conjunto con alumnos de otras c\u00e1tedras. Las fechas de cada ensayo se avisan con&hellip;<\/p>\n","protected":false},"author":1,"featured_media":0,"parent":0,"menu_order":35,"comment_status":"closed","ping_status":"closed","template":"","meta":{"footnotes":""},"_links":{"self":[{"href":"https:\/\/www.stpaul.cl\/conservatorio2026\/index.php?rest_route=\/wp\/v2\/pages\/103"}],"collection":[{"href":"https:\/\/www.stpaul.cl\/conservatorio2026\/index.php?rest_route=\/wp\/v2\/pages"}],"about":[{"href":"https:\/\/www.stpaul.cl\/conservatorio2026\/index.php?rest_route=\/wp\/v2\/types\/page"}],"author":[{"embeddable":true,"href":"https:\/\/www.stpaul.cl\/conservatorio2026\/index.php?rest_route=\/wp\/v2\/users\/1"}],"replies":[{"embeddable":true,"href":"https:\/\/www.stpaul.cl\/conservatorio2026\/index.php?rest_route=%2Fwp%2Fv2%2Fcomments&post=103"}],"version-history":[{"count":1,"href":"https:\/\/www.stpaul.cl\/conservatorio2026\/index.php?rest_route=\/wp\/v2\/pages\/103\/revisions"}],"predecessor-version":[{"id":816,"href":"https:\/\/www.stpaul.cl\/conservatorio2026\/index.php?rest_route=\/wp\/v2\/pages\/103\/revisions\/816"}],"wp:attachment":[{"href":"https:\/\/www.stpaul.cl\/conservatorio2026\/index.php?rest_route=%2Fwp%2Fv2%2Fmedia&parent=103"}],"curies":[{"name":"wp","href":"https:\/\/api.w.org\/{rel}","templated":true}]}}