{"id":121,"date":"2015-03-22T00:44:18","date_gmt":"2015-03-22T00:44:18","guid":{"rendered":"https:\/\/conservatoriostpaul.wordpress.com\/?page_id=121"},"modified":"2023-03-23T21:02:17","modified_gmt":"2023-03-23T21:02:17","slug":"claudia-moran","status":"publish","type":"page","link":"https:\/\/www.stpaul.cl\/conservatorio2026\/?page_id=121","title":{"rendered":"GUITARRA CL\u00c1SICA \/ Claudia Mor\u00e1n"},"content":{"rendered":"<p style=\"text-align: justify;\"><a href=\"https:\/\/conservatoriostpaul.files.wordpress.com\/2015\/03\/clau-kohno.jpg\"><img loading=\"lazy\" decoding=\"async\" class=\" size-medium wp-image-117 alignleft\" src=\"https:\/\/conservatoriostpaul.files.wordpress.com\/2015\/03\/clau-kohno.jpg?w=300\" alt=\"Clau Kohno\" width=\"300\" height=\"300\" srcset=\"https:\/\/www.stpaul.cl\/conservatorio2026\/wp-content\/uploads\/2015\/03\/clau-kohno.jpg 431w, https:\/\/www.stpaul.cl\/conservatorio2026\/wp-content\/uploads\/2015\/03\/clau-kohno-150x150.jpg 150w, https:\/\/www.stpaul.cl\/conservatorio2026\/wp-content\/uploads\/2015\/03\/clau-kohno-300x300.jpg 300w\" sizes=\"(max-width: 300px) 100vw, 300px\" \/><\/a>Claudia Mor\u00e1n estudi\u00f3 la Carrera de Int\u00e9rprete Musical menci\u00f3n Guitarra Cl\u00e1sica, en el Instituto de M\u00fasica de la Pontificia Universidad Cat\u00f3lica de Valpara\u00edso, bajo la c\u00e1tedra del Maestro Guillermo Nur. Obtiene su t\u00edtulo de Int\u00e9rprete Musical menci\u00f3n guitarra cl\u00e1sica en el a\u00f1o 2002.<\/p>\n<p style=\"text-align: justify;\">Ha tenido una vasta experiencia en la docencia de la guitarra cl\u00e1sica y popular, realizando talleres y siendo profesora del Conservatorio de la PUCV y en colegios. Actualmente se desempe\u00f1a como profesora de guitarra en Saint Margaret\u2019s School y en el Conservatorio Izidor Handler de Vi\u00f1a del Mar.<\/p>\n<p style=\"text-align: justify;\">Dentro de su carrera de int\u00e9rprete se destaca su participaci\u00f3n Concierto en Re Mayor RV 93 de Antonio Vivaldi, para Guitarra y orquesta, dirigido por Boris Alvarado y Belfort Ruz. Adem\u00e1s de diferentes presentaciones como solista en la Quinta regi\u00f3n.<\/p>\n<p style=\"text-align: justify;\">Actualmente, junto a su esposo Antonio Rioseco, forma el d\u00fao \u201cRioseco Mor\u00e1n\u201d con el cual ha estrenado transcripciones para la agrupaci\u00f3n, realizadas por Antonio Rioseco entre ellas, Marcha Nupcial, La Leyenda del Beso, Vocalise, entre otras.<\/p>\n<p style=\"text-align: justify;\">Se han presentado con \u00e9xito en la Quinta regi\u00f3n, destac\u00e1ndose su participaci\u00f3n en el programa de televisi\u00f3n \u201cOtra Cosa es Con Guitarra\u201d organizado por la PUCV y UCV Televisi\u00f3n.<\/p>\n<p style=\"text-align: justify;\">Adem\u00e1s pertenece\u00a0al coro de matrimonios Vivace, guitarrista voz y arreglos musicales.<\/p>\n<p style=\"text-align: justify;\">Desde Diciembre del 2017 pertenece al Consort Guitarr\u00edstico de Chile.<\/p>\n<h3><\/h3>\n","protected":false},"excerpt":{"rendered":"<p>Claudia Mor\u00e1n estudi\u00f3 la Carrera de Int\u00e9rprete Musical menci\u00f3n Guitarra Cl\u00e1sica, en el Instituto de M\u00fasica de la Pontificia Universidad Cat\u00f3lica de Valpara\u00edso, bajo la c\u00e1tedra del Maestro Guillermo Nur. Obtiene su t\u00edtulo de Int\u00e9rprete Musical menci\u00f3n guitarra cl\u00e1sica en el a\u00f1o 2002. Ha tenido una vasta experiencia en la docencia de la guitarra cl\u00e1sica&hellip;<\/p>\n","protected":false},"author":1,"featured_media":0,"parent":42,"menu_order":20,"comment_status":"closed","ping_status":"closed","template":"","meta":{"footnotes":""},"_links":{"self":[{"href":"https:\/\/www.stpaul.cl\/conservatorio2026\/index.php?rest_route=\/wp\/v2\/pages\/121"}],"collection":[{"href":"https:\/\/www.stpaul.cl\/conservatorio2026\/index.php?rest_route=\/wp\/v2\/pages"}],"about":[{"href":"https:\/\/www.stpaul.cl\/conservatorio2026\/index.php?rest_route=\/wp\/v2\/types\/page"}],"author":[{"embeddable":true,"href":"https:\/\/www.stpaul.cl\/conservatorio2026\/index.php?rest_route=\/wp\/v2\/users\/1"}],"replies":[{"embeddable":true,"href":"https:\/\/www.stpaul.cl\/conservatorio2026\/index.php?rest_route=%2Fwp%2Fv2%2Fcomments&post=121"}],"version-history":[{"count":7,"href":"https:\/\/www.stpaul.cl\/conservatorio2026\/index.php?rest_route=\/wp\/v2\/pages\/121\/revisions"}],"predecessor-version":[{"id":2339,"href":"https:\/\/www.stpaul.cl\/conservatorio2026\/index.php?rest_route=\/wp\/v2\/pages\/121\/revisions\/2339"}],"up":[{"embeddable":true,"href":"https:\/\/www.stpaul.cl\/conservatorio2026\/index.php?rest_route=\/wp\/v2\/pages\/42"}],"wp:attachment":[{"href":"https:\/\/www.stpaul.cl\/conservatorio2026\/index.php?rest_route=%2Fwp%2Fv2%2Fmedia&parent=121"}],"curies":[{"name":"wp","href":"https:\/\/api.w.org\/{rel}","templated":true}]}}