{"id":134,"date":"2015-03-22T00:51:19","date_gmt":"2015-03-22T00:51:19","guid":{"rendered":"https:\/\/conservatoriostpaul.wordpress.com\/?page_id=134"},"modified":"2026-04-15T17:51:35","modified_gmt":"2026-04-15T17:51:35","slug":"jose_gabriel_gonzalez","status":"publish","type":"page","link":"https:\/\/www.stpaul.cl\/conservatorio2026\/?page_id=134","title":{"rendered":"PIANO INTERMEDIO Y AVANZADO \/ Jos\u00e9 Gabriel Gonz\u00e1lez"},"content":{"rendered":"<p><span style=\"font-size: 13px;\"><img loading=\"lazy\" decoding=\"async\" class=\"alignleft wp-image-931 size-medium\" src=\"https:\/\/www.stpaul.cl\/conservatorio2026\/wp-content\/uploads\/2015\/03\/Im\u00e1gen-Jos\u00e9-GOnz\u00e1lez-199x300.jpg\" alt=\"Im\u00e1gen Jos\u00e9 GOnz\u00e1lez\" width=\"199\" height=\"300\" \/><\/span>A los 12 a\u00f1os comienza sus estudios de m\u00fasica, de int\u00e9rprete en piano popular con la pianista Cecilia Cortez en el Conservatorio de la Pontificia Universidad Cat\u00f3lica de Valpara\u00edso. Despu\u00e9s, en el a\u00f1o 2012 decide continuar sus estudios de m\u00fasica en la Escuela Moderna de M\u00fasica y Danza como interprete en piano, bajo la ense\u00f1anza del connotado pianista Gonzalo Palma, en donde se le han otorgado varias oportunidades para desempe\u00f1arse como m\u00fasico.<\/p>\n<p>Se destaca su participaci\u00f3n como pianista del Enjoy Santiago, pianista de algunos restoranes, concertista en el teatro Municipal de Valparaiso, form\u00f3 parte del Ensamble Quinta Big Band de la Escuela Moderna, de la banda de jazz Bosa4 junto al baterista Orlando Garrido y el legendario contrabajista Luis Basaure, acompa\u00f1o en gira al cantante espa\u00f1ol Pablo Abraira y a participado en varios festivales de jazz acompa\u00f1ando a grandes m\u00fasicos nacionales como Luis Cheul, Andres Perez, Roque Olivo, entre otros. Actualmente es pianista de L\u00famina Cuarteto, banda de Jazz con los que ha grabado dos discos y participado en varios festivales de jazz del pa\u00eds y el extranjero, es pianista de Enjoy Vi\u00f1a del Mar, y Tambi\u00e9n se desempe\u00f1a como docente en el I.P. Escuela Moderna de Musica y Danza de vi\u00f1a del mar, Instituto Satelite y en Academia m\u00fasica Amusic y en el conservatorio del colegio St Paul\u2019s de Vi\u00f1a del Mar.<\/p>\n<p>&nbsp;<\/p>\n<p>soundcloud: <a href=\"https:\/\/soundcloud.com\/josegabriel-2\">https:\/\/soundcloud.com\/josegabriel-2<\/a><\/p>\n<p>&nbsp;<\/p>\n<p>&nbsp;<\/p>\n<p>&nbsp;<\/p>\n<h3><\/h3>\n","protected":false},"excerpt":{"rendered":"<p>A los 12 a\u00f1os comienza sus estudios de m\u00fasica, de int\u00e9rprete en piano popular con la pianista Cecilia Cortez en el Conservatorio de la Pontificia Universidad Cat\u00f3lica de Valpara\u00edso. Despu\u00e9s, en el a\u00f1o 2012 decide continuar sus estudios de m\u00fasica en la Escuela Moderna de M\u00fasica y Danza como interprete en piano, bajo la ense\u00f1anza&hellip;<\/p>\n","protected":false},"author":1,"featured_media":0,"parent":42,"menu_order":30,"comment_status":"closed","ping_status":"closed","template":"","meta":{"footnotes":""},"_links":{"self":[{"href":"https:\/\/www.stpaul.cl\/conservatorio2026\/index.php?rest_route=\/wp\/v2\/pages\/134"}],"collection":[{"href":"https:\/\/www.stpaul.cl\/conservatorio2026\/index.php?rest_route=\/wp\/v2\/pages"}],"about":[{"href":"https:\/\/www.stpaul.cl\/conservatorio2026\/index.php?rest_route=\/wp\/v2\/types\/page"}],"author":[{"embeddable":true,"href":"https:\/\/www.stpaul.cl\/conservatorio2026\/index.php?rest_route=\/wp\/v2\/users\/1"}],"replies":[{"embeddable":true,"href":"https:\/\/www.stpaul.cl\/conservatorio2026\/index.php?rest_route=%2Fwp%2Fv2%2Fcomments&post=134"}],"version-history":[{"count":10,"href":"https:\/\/www.stpaul.cl\/conservatorio2026\/index.php?rest_route=\/wp\/v2\/pages\/134\/revisions"}],"predecessor-version":[{"id":2806,"href":"https:\/\/www.stpaul.cl\/conservatorio2026\/index.php?rest_route=\/wp\/v2\/pages\/134\/revisions\/2806"}],"up":[{"embeddable":true,"href":"https:\/\/www.stpaul.cl\/conservatorio2026\/index.php?rest_route=\/wp\/v2\/pages\/42"}],"wp:attachment":[{"href":"https:\/\/www.stpaul.cl\/conservatorio2026\/index.php?rest_route=%2Fwp%2Fv2%2Fmedia&parent=134"}],"curies":[{"name":"wp","href":"https:\/\/api.w.org\/{rel}","templated":true}]}}