{"id":142,"date":"2015-03-22T00:53:10","date_gmt":"2015-03-22T00:53:10","guid":{"rendered":"https:\/\/conservatoriostpaul.wordpress.com\/?page_id=142"},"modified":"2023-03-23T21:04:24","modified_gmt":"2023-03-23T21:04:24","slug":"ricardo-andrade","status":"publish","type":"page","link":"https:\/\/www.stpaul.cl\/conservatorio2026\/?page_id=142","title":{"rendered":"GUITARRA EL\u00c9CTRICA \/ Ricardo Andrade"},"content":{"rendered":"<p style=\"text-align: justify;\"><img loading=\"lazy\" decoding=\"async\" class=\"size-medium wp-image-2507 alignleft\" src=\"http:\/\/stpaul.cl\/conservatorio2021\/wp-content\/uploads\/2021\/03\/Ricardo-1-202x300.png\" alt=\"\" width=\"202\" height=\"300\" srcset=\"https:\/\/www.stpaul.cl\/conservatorio2026\/wp-content\/uploads\/2021\/03\/Ricardo-1-202x300.png 202w, https:\/\/www.stpaul.cl\/conservatorio2026\/wp-content\/uploads\/2021\/03\/Ricardo-1.png 639w\" sizes=\"(max-width: 202px) 100vw, 202px\" \/>Guitarrista titulado de la carrera de Licenciatura en M\u00fasica con menci\u00f3n en Guitarra El\u00e9ctrica, de la Universidad de Valpara\u00edso.<\/p>\n<p style=\"text-align: justify;\">Posteriormente continu\u00f3 sus estudios con los profesores y destacados guitarristas nacionales Jorge D\u00edaz y Federico Dannemann.<\/p>\n<p style=\"text-align: justify;\">Como m\u00fasico ha participado en diferentes agrupaciones dentro de la Regi\u00f3n de Valpara\u00edso, algunas pertenecientes a la Pontificia Universidad Cat\u00f3lica de dicha ciudad. Estrenando obras, realizando giras nacionales e internacionales y grabando producciones discogr\u00e1ficas.<\/p>\n<p style=\"text-align: justify;\">Actualmente se desempe\u00f1a en la docencia de la guitarra en el conservatorio de la Municipalidad de Limache y en St. Paul\u2019s School.<\/p>\n<p>&nbsp;<\/p>\n","protected":false},"excerpt":{"rendered":"<p>Guitarrista titulado de la carrera de Licenciatura en M\u00fasica con menci\u00f3n en Guitarra El\u00e9ctrica, de la Universidad de Valpara\u00edso. Posteriormente continu\u00f3 sus estudios con los profesores y destacados guitarristas nacionales Jorge D\u00edaz y Federico Dannemann. Como m\u00fasico ha participado en diferentes agrupaciones dentro de la Regi\u00f3n de Valpara\u00edso, algunas pertenecientes a la Pontificia Universidad Cat\u00f3lica&hellip;<\/p>\n","protected":false},"author":1,"featured_media":0,"parent":42,"menu_order":70,"comment_status":"closed","ping_status":"closed","template":"","meta":{"footnotes":""},"_links":{"self":[{"href":"https:\/\/www.stpaul.cl\/conservatorio2026\/index.php?rest_route=\/wp\/v2\/pages\/142"}],"collection":[{"href":"https:\/\/www.stpaul.cl\/conservatorio2026\/index.php?rest_route=\/wp\/v2\/pages"}],"about":[{"href":"https:\/\/www.stpaul.cl\/conservatorio2026\/index.php?rest_route=\/wp\/v2\/types\/page"}],"author":[{"embeddable":true,"href":"https:\/\/www.stpaul.cl\/conservatorio2026\/index.php?rest_route=\/wp\/v2\/users\/1"}],"replies":[{"embeddable":true,"href":"https:\/\/www.stpaul.cl\/conservatorio2026\/index.php?rest_route=%2Fwp%2Fv2%2Fcomments&post=142"}],"version-history":[{"count":10,"href":"https:\/\/www.stpaul.cl\/conservatorio2026\/index.php?rest_route=\/wp\/v2\/pages\/142\/revisions"}],"predecessor-version":[{"id":2561,"href":"https:\/\/www.stpaul.cl\/conservatorio2026\/index.php?rest_route=\/wp\/v2\/pages\/142\/revisions\/2561"}],"up":[{"embeddable":true,"href":"https:\/\/www.stpaul.cl\/conservatorio2026\/index.php?rest_route=\/wp\/v2\/pages\/42"}],"wp:attachment":[{"href":"https:\/\/www.stpaul.cl\/conservatorio2026\/index.php?rest_route=%2Fwp%2Fv2%2Fmedia&parent=142"}],"curies":[{"name":"wp","href":"https:\/\/api.w.org\/{rel}","templated":true}]}}