{"id":144,"date":"2015-03-22T00:53:27","date_gmt":"2015-03-22T00:53:27","guid":{"rendered":"https:\/\/conservatoriostpaul.wordpress.com\/?page_id=144"},"modified":"2026-04-15T13:53:42","modified_gmt":"2026-04-15T13:53:42","slug":"carlos-espinosa","status":"publish","type":"page","link":"https:\/\/www.stpaul.cl\/conservatorio2026\/?page_id=144","title":{"rendered":"BAJO EL\u00c9CTRICO \/ Ezequiel Camus"},"content":{"rendered":"<p style=\"text-align: justify;\"><img loading=\"lazy\" decoding=\"async\" class=\"wp-image-2794 size-medium alignleft\" src=\"https:\/\/www.stpaul.cl\/conservatorio2026\/wp-content\/uploads\/2026\/04\/ezequiel-camus1-200x300.jpg\" alt=\"\" width=\"200\" height=\"300\" srcset=\"https:\/\/www.stpaul.cl\/conservatorio2026\/wp-content\/uploads\/2026\/04\/ezequiel-camus1-200x300.jpg 200w, https:\/\/www.stpaul.cl\/conservatorio2026\/wp-content\/uploads\/2026\/04\/ezequiel-camus1-683x1024.jpg 683w, https:\/\/www.stpaul.cl\/conservatorio2026\/wp-content\/uploads\/2026\/04\/ezequiel-camus1-768x1152.jpg 768w, https:\/\/www.stpaul.cl\/conservatorio2026\/wp-content\/uploads\/2026\/04\/ezequiel-camus1.jpg 1024w\" sizes=\"(max-width: 200px) 100vw, 200px\" \/>Musico titulado de la Escuela Moderna de M\u00fasica en la carrera Interprete Instrumental con menci\u00f3n en Bajo El\u00e9ctrico.<\/p>\n<p style=\"text-align: justify;\">Forma parte de tributo &#8220;Inolvidable&#8221; (2024) con m\u00fasicos de la regi\u00f3n, con artista Yosef Salvo (2023) y forma parte de la banda de artista An\u00edbal Paz (2022)<\/p>\n<p style=\"text-align: justify;\">Tambi\u00e9n ha participado en evento internacional &#8220;Festival Jazz Plaza&#8221; en Cub\u0430 (2024) con Mauricio Farf\u00e1n Tr\u00edo, III Cumbre Internacional del Bolero (2022) con Ensamble Quinta y en diversos eventos y festivales dentro y fuera de la regi\u00f3n.<\/p>\n<p style=\"text-align: justify;\">Como sesionista particip\u00f3 en Single &#8220;Vuela hacia ti&#8221; con An\u00edbal Paz y tambi\u00e9n en grabaciones &#8220;A medio camino&#8221; y &#8220;Vuelvo&#8221; de banda &#8220;AQST&#8221;<\/p>\n<p style=\"text-align: justify;\">Como profesor realiza clases particulares desde 2019 y en el a\u00f1o 2024 hizo taller de Bajo<br \/>\nEl\u00e9ctrico en Escuela Moderna de M\u00fasica<\/p>\n","protected":false},"excerpt":{"rendered":"<p>Musico titulado de la Escuela Moderna de M\u00fasica en la carrera Interprete Instrumental con menci\u00f3n en Bajo El\u00e9ctrico. Forma parte de tributo &#8220;Inolvidable&#8221; (2024) con m\u00fasicos de la regi\u00f3n, con artista Yosef Salvo (2023) y forma parte de la banda de artista An\u00edbal Paz (2022) Tambi\u00e9n ha participado en evento internacional &#8220;Festival Jazz Plaza&#8221; en&hellip;<\/p>\n","protected":false},"author":1,"featured_media":0,"parent":42,"menu_order":80,"comment_status":"closed","ping_status":"closed","template":"","meta":{"footnotes":""},"_links":{"self":[{"href":"https:\/\/www.stpaul.cl\/conservatorio2026\/index.php?rest_route=\/wp\/v2\/pages\/144"}],"collection":[{"href":"https:\/\/www.stpaul.cl\/conservatorio2026\/index.php?rest_route=\/wp\/v2\/pages"}],"about":[{"href":"https:\/\/www.stpaul.cl\/conservatorio2026\/index.php?rest_route=\/wp\/v2\/types\/page"}],"author":[{"embeddable":true,"href":"https:\/\/www.stpaul.cl\/conservatorio2026\/index.php?rest_route=\/wp\/v2\/users\/1"}],"replies":[{"embeddable":true,"href":"https:\/\/www.stpaul.cl\/conservatorio2026\/index.php?rest_route=%2Fwp%2Fv2%2Fcomments&post=144"}],"version-history":[{"count":17,"href":"https:\/\/www.stpaul.cl\/conservatorio2026\/index.php?rest_route=\/wp\/v2\/pages\/144\/revisions"}],"predecessor-version":[{"id":2796,"href":"https:\/\/www.stpaul.cl\/conservatorio2026\/index.php?rest_route=\/wp\/v2\/pages\/144\/revisions\/2796"}],"up":[{"embeddable":true,"href":"https:\/\/www.stpaul.cl\/conservatorio2026\/index.php?rest_route=\/wp\/v2\/pages\/42"}],"wp:attachment":[{"href":"https:\/\/www.stpaul.cl\/conservatorio2026\/index.php?rest_route=%2Fwp%2Fv2%2Fmedia&parent=144"}],"curies":[{"name":"wp","href":"https:\/\/api.w.org\/{rel}","templated":true}]}}