{"id":2318,"date":"2019-11-11T11:21:34","date_gmt":"2019-11-11T11:21:34","guid":{"rendered":"http:\/\/stpaul.cl\/conservatorio2021\/?page_id=2318"},"modified":"2026-04-22T14:04:48","modified_gmt":"2026-04-22T14:04:48","slug":"conservatorio-st-pauls-2","status":"publish","type":"page","link":"https:\/\/www.stpaul.cl\/conservatorio2026\/","title":{"rendered":"CONSERVATORIO ST PAUL&#8217;S"},"content":{"rendered":"<div class=\"translate-tooltip-mtz hidden\">\n<div class=\"header\">\n<div class=\"header-controls\"><span style=\"font-family: Georgia, 'Times New Roman', serif; font-size: 20px;\">Conservatorio 2026<\/span><\/div>\n<div><\/div>\n<\/div>\n<\/div>\n<p><span style=\"font-weight: 400;\">Es muy grato para nosotros\u00a0\u00a0<\/span><span style=\"font-weight: 400;\">informar a toda la comunidad que se dar\u00e1 inicio al proceso de inscripci\u00f3n al Conservatorio a\u00f1o 2026 para el per\u00edodo de clases de 8 meses, que comienza el 27 de abril <\/span><span style=\"font-weight: 400;\">y finaliza el 30 de noviembre del presente a\u00f1o.\u00a0<\/span><\/p>\n<p><span style=\"font-weight: 400;\">Con una trayectoria de 22 a\u00f1os al alero de nuestra instituci\u00f3n, el Conservatorio St Paul&#8217;s ha permitido que un gran n\u00famero de estudiantes desarrolle habilidades y competencias musicales a trav\u00e9s del estudio instrumental de manera sistem\u00e1tica, con docentes &#8211; m\u00fasicos especializados.<\/span><\/p>\n<p>Antes de proceder con la inscripci\u00f3n, tenga en cuenta que el horario a elegir, contin\u00fae de manera inmediata despu\u00e9s de la \u00faltima clase sistem\u00e1tica o extraprogram\u00e1tica de su hijo\/a. Esto debido a la nueva estructura horaria, y seg\u00fan dispone nuestro reglamento interno escolar (RIE) Cap\u00edtulo I t\u00edtulo II (Regulaciones T\u00e9cnicas Administrativas), el que se\u00f1ala que ning\u00fan estudiante podr\u00e1 permanecer en el colegio una vez terminada su jornada escolar.<\/p>\n<h1 style=\"text-align: center;\"><a href=\"https:\/\/aulastpaul.cl\/inscripcion_cons\/\" target=\"_blank\" rel=\"noopener\">INSCRIPCIONES 2026<\/a><\/h1>\n<p>&nbsp;<\/p>\n<h1 style=\"text-align: center;\"><a href=\"https:\/\/aulastpaul.cl\/inscripcion_cons\/conservatorio.php\" target=\"_blank\" rel=\"noopener\">HORARIOS 2026<\/a><\/h1>\n<h2 style=\"text-align: center;\"><\/h2>\n<h1><\/h1>\n<p>&nbsp;<\/p>\n","protected":false},"excerpt":{"rendered":"<p>Conservatorio 2026 Es muy grato para nosotros\u00a0\u00a0informar a toda la comunidad que se dar\u00e1 inicio al proceso de inscripci\u00f3n al Conservatorio a\u00f1o 2026 para el per\u00edodo de clases de 8 meses, que comienza el 27 de abril y finaliza el 30 de noviembre del presente a\u00f1o.\u00a0 Con una trayectoria de 22 a\u00f1os al alero de&hellip;<\/p>\n","protected":false},"author":1,"featured_media":0,"parent":0,"menu_order":0,"comment_status":"closed","ping_status":"closed","template":"","meta":{"footnotes":""},"_links":{"self":[{"href":"https:\/\/www.stpaul.cl\/conservatorio2026\/index.php?rest_route=\/wp\/v2\/pages\/2318"}],"collection":[{"href":"https:\/\/www.stpaul.cl\/conservatorio2026\/index.php?rest_route=\/wp\/v2\/pages"}],"about":[{"href":"https:\/\/www.stpaul.cl\/conservatorio2026\/index.php?rest_route=\/wp\/v2\/types\/page"}],"author":[{"embeddable":true,"href":"https:\/\/www.stpaul.cl\/conservatorio2026\/index.php?rest_route=\/wp\/v2\/users\/1"}],"replies":[{"embeddable":true,"href":"https:\/\/www.stpaul.cl\/conservatorio2026\/index.php?rest_route=%2Fwp%2Fv2%2Fcomments&post=2318"}],"version-history":[{"count":63,"href":"https:\/\/www.stpaul.cl\/conservatorio2026\/index.php?rest_route=\/wp\/v2\/pages\/2318\/revisions"}],"predecessor-version":[{"id":2820,"href":"https:\/\/www.stpaul.cl\/conservatorio2026\/index.php?rest_route=\/wp\/v2\/pages\/2318\/revisions\/2820"}],"wp:attachment":[{"href":"https:\/\/www.stpaul.cl\/conservatorio2026\/index.php?rest_route=%2Fwp%2Fv2%2Fmedia&parent=2318"}],"curies":[{"name":"wp","href":"https:\/\/api.w.org\/{rel}","templated":true}]}}