{"id":2364,"date":"2020-08-13T13:27:14","date_gmt":"2020-08-13T13:27:14","guid":{"rendered":"http:\/\/stpaul.cl\/conservatorio2021\/?page_id=2364"},"modified":"2026-04-17T13:59:39","modified_gmt":"2026-04-17T13:59:39","slug":"valores-2024","status":"publish","type":"page","link":"https:\/\/www.stpaul.cl\/conservatorio2026\/?page_id=2364","title":{"rendered":"ARANCEL 2026"},"content":{"rendered":"<p><span style=\"font-weight: 400;\">El valor mensual por c\u00e1tedra para este a\u00f1o 2026 ser\u00e1 de\u00a0 $69.000.-. El per\u00edodo de estudio comprende desde\u00a0 abril a noviembre del a\u00f1o en curso.<\/span><\/p>\n<p>El pago deber\u00e1 realizarlo el d\u00eda que reciba la notificaci\u00f3n, ingresando a Schoolnet en <span style=\"font-weight: 400;\">(<\/span><a href=\"https:\/\/schoolnet.colegium.com\/webapp\/es_CL\/login\"><span style=\"font-weight: 400;\">https:\/\/schoolnet.colegium.com\/webapp\/es_CL\/login<\/span><\/a><span style=\"font-weight: 400;\">).<\/span><\/p>\n<p><span style=\"font-weight: 400;\">Los m\u00e9todos de pago son: tarjeta de d\u00e9bito,\u00a0 cr\u00e9dito o cheques a fecha, por la totalidad de los ocho meses $552.000.<\/span><\/p>\n<p><span style=\"font-weight: 400;\">En el caso de elegir pago con cheque a fecha, solicitamos dirigirse a la oficina de Finanzas de 8 a 14 hrs.<\/span><\/p>\n<p><span style=\"font-weight: 400;\">Completando estos pasos, quedar\u00e1 finalizado el proceso de inscripci\u00f3n.<\/span><\/p>\n<p><b>EN EL CASO DE NO HABER COMPLETADO EL PASO 3 (PAGO), EL CUPO QUEDAR\u00c1 LIBERADO PARA OTRO ESTUDIANTE.<\/b><\/p>\n<p>&nbsp;<\/p>\n<p><strong>IMPORTANTE: La no asistencia del estudiante durante el a\u00f1o o retiro definitivo, no dar\u00e1 lugar a la devoluci\u00f3n del total o parcial de los valores inicialmente cancelados.<\/strong><\/p>\n","protected":false},"excerpt":{"rendered":"<p>El valor mensual por c\u00e1tedra para este a\u00f1o 2026 ser\u00e1 de\u00a0 $69.000.-. El per\u00edodo de estudio comprende desde\u00a0 abril a noviembre del a\u00f1o en curso. El pago deber\u00e1 realizarlo el d\u00eda que reciba la notificaci\u00f3n, ingresando a Schoolnet en (https:\/\/schoolnet.colegium.com\/webapp\/es_CL\/login). Los m\u00e9todos de pago son: tarjeta de d\u00e9bito,\u00a0 cr\u00e9dito o cheques a fecha, por la&hellip;<\/p>\n","protected":false},"author":1,"featured_media":0,"parent":0,"menu_order":80,"comment_status":"closed","ping_status":"closed","template":"","meta":{"footnotes":""},"_links":{"self":[{"href":"https:\/\/www.stpaul.cl\/conservatorio2026\/index.php?rest_route=\/wp\/v2\/pages\/2364"}],"collection":[{"href":"https:\/\/www.stpaul.cl\/conservatorio2026\/index.php?rest_route=\/wp\/v2\/pages"}],"about":[{"href":"https:\/\/www.stpaul.cl\/conservatorio2026\/index.php?rest_route=\/wp\/v2\/types\/page"}],"author":[{"embeddable":true,"href":"https:\/\/www.stpaul.cl\/conservatorio2026\/index.php?rest_route=\/wp\/v2\/users\/1"}],"replies":[{"embeddable":true,"href":"https:\/\/www.stpaul.cl\/conservatorio2026\/index.php?rest_route=%2Fwp%2Fv2%2Fcomments&post=2364"}],"version-history":[{"count":23,"href":"https:\/\/www.stpaul.cl\/conservatorio2026\/index.php?rest_route=\/wp\/v2\/pages\/2364\/revisions"}],"predecessor-version":[{"id":2814,"href":"https:\/\/www.stpaul.cl\/conservatorio2026\/index.php?rest_route=\/wp\/v2\/pages\/2364\/revisions\/2814"}],"wp:attachment":[{"href":"https:\/\/www.stpaul.cl\/conservatorio2026\/index.php?rest_route=%2Fwp%2Fv2%2Fmedia&parent=2364"}],"curies":[{"name":"wp","href":"https:\/\/api.w.org\/{rel}","templated":true}]}}