{"id":2517,"date":"2022-03-24T22:07:25","date_gmt":"2022-03-24T22:07:25","guid":{"rendered":"http:\/\/stpaul.cl\/conservatorio2021\/?page_id=2517"},"modified":"2023-03-23T21:03:14","modified_gmt":"2023-03-23T21:03:14","slug":"benjamin-sobenes","status":"publish","type":"page","link":"https:\/\/www.stpaul.cl\/conservatorio2026\/?page_id=2517","title":{"rendered":"PIANO INICIAL E INTERMEDIO &#8211; Benjam\u00edn Sobenes"},"content":{"rendered":"<p><span style=\"font-weight: 400;\"><img loading=\"lazy\" decoding=\"async\" class=\"alignleft size-medium wp-image-2518\" src=\"http:\/\/stpaul.cl\/conservatorio2021\/wp-content\/uploads\/2022\/03\/Benes-piano-225x300.jpg\" alt=\"\" width=\"225\" height=\"300\" srcset=\"https:\/\/www.stpaul.cl\/conservatorio2026\/wp-content\/uploads\/2022\/03\/Benes-piano-225x300.jpg 225w, https:\/\/www.stpaul.cl\/conservatorio2026\/wp-content\/uploads\/2022\/03\/Benes-piano-768x1024.jpg 768w, https:\/\/www.stpaul.cl\/conservatorio2026\/wp-content\/uploads\/2022\/03\/Benes-piano.jpg 1200w\" sizes=\"(max-width: 225px) 100vw, 225px\" \/>Licenciado en m\u00fasica con menci\u00f3n en composici\u00f3n en la PUCV (2019) y titulado del Programa de Formaci\u00f3n Pedag\u00f3gica (PFP) (2021) de la PUC, comienza sus estudios de piano cl\u00e1sico en el conservatorio de la PUCV bajo la tutela de Mar\u00eda Ang\u00e9lica Bel\u00e1ustegui y se desempe\u00f1a en la ense\u00f1anza de este instrumento de manera particular desde el a\u00f1o 2016.<\/span><\/p>\n<p><span style=\"font-weight: 400;\">Hoy en d\u00eda se desempe\u00f1a como docente de m\u00fasica en el colegio Profesor Huguet y como profesor de piano en la escuela Ayekant\u00fan, conservatorio del colegio St. Paul\u2019s y de manera particular.<\/span><\/p>\n","protected":false},"excerpt":{"rendered":"<p>Licenciado en m\u00fasica con menci\u00f3n en composici\u00f3n en la PUCV (2019) y titulado del Programa de Formaci\u00f3n Pedag\u00f3gica (PFP) (2021) de la PUC, comienza sus estudios de piano cl\u00e1sico en el conservatorio de la PUCV bajo la tutela de Mar\u00eda Ang\u00e9lica Bel\u00e1ustegui y se desempe\u00f1a en la ense\u00f1anza de este instrumento de manera particular desde&hellip;<\/p>\n","protected":false},"author":1,"featured_media":0,"parent":42,"menu_order":40,"comment_status":"closed","ping_status":"closed","template":"","meta":{"footnotes":""},"_links":{"self":[{"href":"https:\/\/www.stpaul.cl\/conservatorio2026\/index.php?rest_route=\/wp\/v2\/pages\/2517"}],"collection":[{"href":"https:\/\/www.stpaul.cl\/conservatorio2026\/index.php?rest_route=\/wp\/v2\/pages"}],"about":[{"href":"https:\/\/www.stpaul.cl\/conservatorio2026\/index.php?rest_route=\/wp\/v2\/types\/page"}],"author":[{"embeddable":true,"href":"https:\/\/www.stpaul.cl\/conservatorio2026\/index.php?rest_route=\/wp\/v2\/users\/1"}],"replies":[{"embeddable":true,"href":"https:\/\/www.stpaul.cl\/conservatorio2026\/index.php?rest_route=%2Fwp%2Fv2%2Fcomments&post=2517"}],"version-history":[{"count":1,"href":"https:\/\/www.stpaul.cl\/conservatorio2026\/index.php?rest_route=\/wp\/v2\/pages\/2517\/revisions"}],"predecessor-version":[{"id":2519,"href":"https:\/\/www.stpaul.cl\/conservatorio2026\/index.php?rest_route=\/wp\/v2\/pages\/2517\/revisions\/2519"}],"up":[{"embeddable":true,"href":"https:\/\/www.stpaul.cl\/conservatorio2026\/index.php?rest_route=\/wp\/v2\/pages\/42"}],"wp:attachment":[{"href":"https:\/\/www.stpaul.cl\/conservatorio2026\/index.php?rest_route=%2Fwp%2Fv2%2Fmedia&parent=2517"}],"curies":[{"name":"wp","href":"https:\/\/api.w.org\/{rel}","templated":true}]}}