{"id":2543,"date":"2023-03-22T22:31:51","date_gmt":"2023-03-22T22:31:51","guid":{"rendered":"http:\/\/stpaul.cl\/conservatorio2021\/?page_id=2543"},"modified":"2023-03-23T21:05:11","modified_gmt":"2023-03-23T21:05:11","slug":"bateria-tomas-arancibia","status":"publish","type":"page","link":"https:\/\/www.stpaul.cl\/conservatorio2026\/?page_id=2543","title":{"rendered":"BATER\u00cdA &#8211; Tom\u00e1s Arancibia"},"content":{"rendered":"<div class=\"translate-tooltip-mtz hidden\">\n<div class=\"controls\">\n<div class=\"controls__control-wrapper\">\n<div class=\"controls__inner-circle\"><span style=\"font-size: 13px; text-align: justify;\">M\u00fasico \/ Baterista \/ Docente<\/span><\/div>\n<\/div>\n<\/div>\n<\/div>\n<p><img loading=\"lazy\" decoding=\"async\" class=\"alignnone size-medium wp-image-2544\" src=\"http:\/\/stpaul.cl\/conservatorio2021\/wp-content\/uploads\/2023\/03\/Toma\u0301s-Arancibia-300x200.jpeg\" alt=\"\" width=\"300\" height=\"200\" srcset=\"https:\/\/www.stpaul.cl\/conservatorio2026\/wp-content\/uploads\/2023\/03\/Toma\u0301s-Arancibia-300x200.jpeg 300w, https:\/\/www.stpaul.cl\/conservatorio2026\/wp-content\/uploads\/2023\/03\/Toma\u0301s-Arancibia-768x512.jpeg 768w, https:\/\/www.stpaul.cl\/conservatorio2026\/wp-content\/uploads\/2023\/03\/Toma\u0301s-Arancibia.jpeg 1024w\" sizes=\"(max-width: 300px) 100vw, 300px\" \/><\/p>\n<p>M\u00fasico formado en Escuela Moderna de M\u00fasica en la carrera Int\u00e9rprete Instrumental menci\u00f3n Bater\u00eda. Ex estudiante de St Paul&#8217;s School con destacada participaci\u00f3n\u00a0 en el \u00e1rea musical, obteniendo el premio de M\u00fasica de Ense\u00f1anza Media.<\/p>\n<p>Forma parte de las bandas IVN y Chico Bestia con las cuales ha grabado los discos &#8220;Mixtape negro, Chico Bestia&#8221; (2021) y &#8220;Larutanatural, IVN&#8221; (2019) y ha participado en diversos festivales tales como Rock\u00f3dromo (2019), Temporales Musicales (2019), Festival Iternacional de Jazz de Valpara\u00edso (2020) y San Vicente Jazz (Mendoza, 2020) y Fauna Primavera (2022).<\/p>\n<p>Tambi\u00e9n ha participado del Festival Internacional de Jazz de Valpara\u00edso (2019) y III Cumbre Internacional del Bolero (2022) con Ensamble Quinta, en Festival de Jazz de Quilpu\u00e9 (2022) junto a Paz Miranda, y en el circuito jazzistico local junto a Gonzalo Palma, Bruno Riveros, Carlos Rossat, Marcel Bruna, Jos\u00e9 Moraga, entre otros.<\/p>\n<p>Como sesionista en estudio particip\u00f3 del single &#8220;Renac\u00ed, Reina Garc\u00eda Labson&#8221; (2020) y &#8220;Roc\u00edo Gatica &#8211; Sesi\u00f3n en Vivo&#8221; (2022).<\/p>\n<p>Profesor del Conservatorio St. Paul&#8217;s y profesor particular de bater\u00eda.<\/p>\n<p>&nbsp;<\/p>\n<p>&nbsp;<\/p>\n<h3><\/h3>\n","protected":false},"excerpt":{"rendered":"<p>M\u00fasico \/ Baterista \/ Docente M\u00fasico formado en Escuela Moderna de M\u00fasica en la carrera Int\u00e9rprete Instrumental menci\u00f3n Bater\u00eda. Ex estudiante de St Paul&#8217;s School con destacada participaci\u00f3n\u00a0 en el \u00e1rea musical, obteniendo el premio de M\u00fasica de Ense\u00f1anza Media. Forma parte de las bandas IVN y Chico Bestia con las cuales ha grabado los&hellip;<\/p>\n","protected":false},"author":1,"featured_media":0,"parent":42,"menu_order":90,"comment_status":"closed","ping_status":"closed","template":"","meta":{"footnotes":""},"_links":{"self":[{"href":"https:\/\/www.stpaul.cl\/conservatorio2026\/index.php?rest_route=\/wp\/v2\/pages\/2543"}],"collection":[{"href":"https:\/\/www.stpaul.cl\/conservatorio2026\/index.php?rest_route=\/wp\/v2\/pages"}],"about":[{"href":"https:\/\/www.stpaul.cl\/conservatorio2026\/index.php?rest_route=\/wp\/v2\/types\/page"}],"author":[{"embeddable":true,"href":"https:\/\/www.stpaul.cl\/conservatorio2026\/index.php?rest_route=\/wp\/v2\/users\/1"}],"replies":[{"embeddable":true,"href":"https:\/\/www.stpaul.cl\/conservatorio2026\/index.php?rest_route=%2Fwp%2Fv2%2Fcomments&post=2543"}],"version-history":[{"count":4,"href":"https:\/\/www.stpaul.cl\/conservatorio2026\/index.php?rest_route=\/wp\/v2\/pages\/2543\/revisions"}],"predecessor-version":[{"id":2548,"href":"https:\/\/www.stpaul.cl\/conservatorio2026\/index.php?rest_route=\/wp\/v2\/pages\/2543\/revisions\/2548"}],"up":[{"embeddable":true,"href":"https:\/\/www.stpaul.cl\/conservatorio2026\/index.php?rest_route=\/wp\/v2\/pages\/42"}],"wp:attachment":[{"href":"https:\/\/www.stpaul.cl\/conservatorio2026\/index.php?rest_route=%2Fwp%2Fv2%2Fmedia&parent=2543"}],"curies":[{"name":"wp","href":"https:\/\/api.w.org\/{rel}","templated":true}]}}