{"id":2558,"date":"2023-03-23T21:01:31","date_gmt":"2023-03-23T21:01:31","guid":{"rendered":"http:\/\/stpaul.cl\/conservatorio2021\/?page_id=2558"},"modified":"2023-03-23T21:14:04","modified_gmt":"2023-03-23T21:14:04","slug":"violin-eduardo-vargas","status":"publish","type":"page","link":"https:\/\/www.stpaul.cl\/conservatorio2026\/?page_id=2558","title":{"rendered":"VIOL\u00cdN \/ Eduardo Vargas"},"content":{"rendered":"<p>Egresado con di<img loading=\"lazy\" decoding=\"async\" class=\"size-medium wp-image-2559 alignleft\" src=\"http:\/\/stpaul.cl\/conservatorio2021\/wp-content\/uploads\/2023\/03\/Eduardo-300x200.jpeg\" alt=\"\" width=\"300\" height=\"200\" srcset=\"https:\/\/www.stpaul.cl\/conservatorio2026\/wp-content\/uploads\/2023\/03\/Eduardo-300x200.jpeg 300w, https:\/\/www.stpaul.cl\/conservatorio2026\/wp-content\/uploads\/2023\/03\/Eduardo-768x513.jpeg 768w, https:\/\/www.stpaul.cl\/conservatorio2026\/wp-content\/uploads\/2023\/03\/Eduardo-1024x684.jpeg 1024w, https:\/\/www.stpaul.cl\/conservatorio2026\/wp-content\/uploads\/2023\/03\/Eduardo.jpeg 2048w\" sizes=\"(max-width: 300px) 100vw, 300px\" \/><span style=\"font-size: 13px;\">stinci\u00f3n m\u00e1xima d<\/span><span style=\"font-size: 13px;\">e la Universidad de Talca, donde estudi\u00f3 viol\u00edn bajo la c\u00e1tedra de los maestros Patricio Cobos y Ana Liz Ojeda. Comenz\u00f3 sus estudios de viol\u00edn a los 10 a\u00f1os e integr\u00f3 la orquesta sinf\u00f3nica juvenil regional desde el 2009 hasta el 2015. Ha tenido la fortuna de tocar el viol\u00edn para aprender de maestros provenientes de Argentina, Per\u00fa, Corea, Alemania, Polonia, Rusia, Estados Unidos y Chile.<\/span><\/p>\n<p>En el a\u00f1o 2018 es seleccionado en el UNT Summer Strings Institute, en USA donde es representante en masterclass, concertino de la orquesta, primer viol\u00edn de cuarteto y menci\u00f3n de m\u00e9rito en el concurso interno.<br \/>\nHa participado en agrupaciones como la Orquesta Sinf\u00f3nica de la Universidad de Talca, Sinfonietta de la misma universidad y Orquesta Cl\u00e1sica del Maule entre otras, present\u00e1ndose en los m\u00e1s prestigiosos escenarios del pa\u00eds, incluyendo teatros en Valpara\u00edso, Vi\u00f1a, Santiago, Talca, Curic\u00f3, Chill\u00e1n, Frutillar, as\u00ed como en escenarios de p\u00fablico masivo como la Quinta Vergara y el Movistar Arena.<\/p>\n<p>Desde el a\u00f1o 2020, junto a sus labores usuales como instrumentista en diferentes instancias, se ha desempe\u00f1ado como docente del viol\u00edn, tanto de manera privada como en diferentes proyectos, atendiendo las ganas de aprender de alumnos que abarcan desdela ni\u00f1ez hasta la adultez.<\/p>\n","protected":false},"excerpt":{"rendered":"<p>Egresado con distinci\u00f3n m\u00e1xima de la Universidad de Talca, donde estudi\u00f3 viol\u00edn bajo la c\u00e1tedra de los maestros Patricio Cobos y Ana Liz Ojeda. Comenz\u00f3 sus estudios de viol\u00edn a los 10 a\u00f1os e integr\u00f3 la orquesta sinf\u00f3nica juvenil regional desde el 2009 hasta el 2015. Ha tenido la fortuna de tocar el viol\u00edn para&hellip;<\/p>\n","protected":false},"author":1,"featured_media":0,"parent":42,"menu_order":30,"comment_status":"closed","ping_status":"closed","template":"","meta":{"footnotes":""},"_links":{"self":[{"href":"https:\/\/www.stpaul.cl\/conservatorio2026\/index.php?rest_route=\/wp\/v2\/pages\/2558"}],"collection":[{"href":"https:\/\/www.stpaul.cl\/conservatorio2026\/index.php?rest_route=\/wp\/v2\/pages"}],"about":[{"href":"https:\/\/www.stpaul.cl\/conservatorio2026\/index.php?rest_route=\/wp\/v2\/types\/page"}],"author":[{"embeddable":true,"href":"https:\/\/www.stpaul.cl\/conservatorio2026\/index.php?rest_route=\/wp\/v2\/users\/1"}],"replies":[{"embeddable":true,"href":"https:\/\/www.stpaul.cl\/conservatorio2026\/index.php?rest_route=%2Fwp%2Fv2%2Fcomments&post=2558"}],"version-history":[{"count":2,"href":"https:\/\/www.stpaul.cl\/conservatorio2026\/index.php?rest_route=\/wp\/v2\/pages\/2558\/revisions"}],"predecessor-version":[{"id":2565,"href":"https:\/\/www.stpaul.cl\/conservatorio2026\/index.php?rest_route=\/wp\/v2\/pages\/2558\/revisions\/2565"}],"up":[{"embeddable":true,"href":"https:\/\/www.stpaul.cl\/conservatorio2026\/index.php?rest_route=\/wp\/v2\/pages\/42"}],"wp:attachment":[{"href":"https:\/\/www.stpaul.cl\/conservatorio2026\/index.php?rest_route=%2Fwp%2Fv2%2Fmedia&parent=2558"}],"curies":[{"name":"wp","href":"https:\/\/api.w.org\/{rel}","templated":true}]}}