{"id":2797,"date":"2026-04-15T14:26:19","date_gmt":"2026-04-15T14:26:19","guid":{"rendered":"https:\/\/www.stpaul.cl\/conservatorio2026\/?page_id=2797"},"modified":"2026-04-15T14:28:25","modified_gmt":"2026-04-15T14:28:25","slug":"saxofon-y-flauta-traversa-gregorio-remocoy","status":"publish","type":"page","link":"https:\/\/www.stpaul.cl\/conservatorio2026\/?page_id=2797","title":{"rendered":"SAXOF\u00d3N Y FLAUTA TRAVERSA \/ Gregorio Remocoy"},"content":{"rendered":"\n<p><\/p>\n\n\n<p><img loading=\"lazy\" decoding=\"async\" class=\"size-medium wp-image-2799 alignleft\" src=\"https:\/\/www.stpaul.cl\/conservatorio2026\/wp-content\/uploads\/2026\/04\/gregorio-181x300.jpeg\" alt=\"\" width=\"181\" height=\"300\" srcset=\"https:\/\/www.stpaul.cl\/conservatorio2026\/wp-content\/uploads\/2026\/04\/gregorio-181x300.jpeg 181w, https:\/\/www.stpaul.cl\/conservatorio2026\/wp-content\/uploads\/2026\/04\/gregorio-618x1024.jpeg 618w, https:\/\/www.stpaul.cl\/conservatorio2026\/wp-content\/uploads\/2026\/04\/gregorio-768x1273.jpeg 768w, https:\/\/www.stpaul.cl\/conservatorio2026\/wp-content\/uploads\/2026\/04\/gregorio-927x1536.jpeg 927w, https:\/\/www.stpaul.cl\/conservatorio2026\/wp-content\/uploads\/2026\/04\/gregorio.jpeg 1136w\" sizes=\"(max-width: 181px) 100vw, 181px\" \/>Saxofonista profesional titulado de la Escuela Moderna de m\u00fasica sede vi\u00f1a del Mar erradicado en la quinta regi\u00f3n .\u00a0<\/p>\n<p>Integrante de SdC Big Band como saxofonista Alto Lead , saxo tenor y flauta traversa desde el 2022 hasta la fecha , grabando 2 \u00e1lbumes , Disco \u201cVisiones\u201d y \u201cEl Secreto de Los Arbustos\u201d junto a Pascuala Ilabaca .<\/p>\n<p>Tambi\u00e9n forma parte del grupo docente de Escuela moderna sede vi\u00f1a del Mar como profesor de saxof\u00f3n y flauta traversa .<\/p>\n<p>Ha participado como saxofonista tenor de peque\u00f1as agrupaciones del espect\u00e1culo regional como \u201cLa Gran Sonora de Valpara\u00edso\u201d y \u201cBanda Blend\u201d perteneciente al Casino vi\u00f1a del Mar .<\/p>\n<p>Participante de distintos festivales entre ellos festival \u201cLimache Vive el Folclor 2026\u201d transmitido por TV abierta por el canal \u201cChilevisi\u00f3n\u201d , Festival internacional de Jazz de Valpara\u00edso 2025 .<\/p>","protected":false},"excerpt":{"rendered":"<p>Saxofonista profesional titulado de la Escuela Moderna de m\u00fasica sede vi\u00f1a del Mar erradicado en la quinta regi\u00f3n .\u00a0 Integrante de SdC Big Band como saxofonista Alto Lead , saxo tenor y flauta traversa desde el 2022 hasta la fecha , grabando 2 \u00e1lbumes , Disco \u201cVisiones\u201d y \u201cEl Secreto de Los Arbustos\u201d junto a&hellip;<\/p>\n","protected":false},"author":1,"featured_media":0,"parent":42,"menu_order":0,"comment_status":"closed","ping_status":"closed","template":"","meta":{"footnotes":""},"_links":{"self":[{"href":"https:\/\/www.stpaul.cl\/conservatorio2026\/index.php?rest_route=\/wp\/v2\/pages\/2797"}],"collection":[{"href":"https:\/\/www.stpaul.cl\/conservatorio2026\/index.php?rest_route=\/wp\/v2\/pages"}],"about":[{"href":"https:\/\/www.stpaul.cl\/conservatorio2026\/index.php?rest_route=\/wp\/v2\/types\/page"}],"author":[{"embeddable":true,"href":"https:\/\/www.stpaul.cl\/conservatorio2026\/index.php?rest_route=\/wp\/v2\/users\/1"}],"replies":[{"embeddable":true,"href":"https:\/\/www.stpaul.cl\/conservatorio2026\/index.php?rest_route=%2Fwp%2Fv2%2Fcomments&post=2797"}],"version-history":[{"count":2,"href":"https:\/\/www.stpaul.cl\/conservatorio2026\/index.php?rest_route=\/wp\/v2\/pages\/2797\/revisions"}],"predecessor-version":[{"id":2800,"href":"https:\/\/www.stpaul.cl\/conservatorio2026\/index.php?rest_route=\/wp\/v2\/pages\/2797\/revisions\/2800"}],"up":[{"embeddable":true,"href":"https:\/\/www.stpaul.cl\/conservatorio2026\/index.php?rest_route=\/wp\/v2\/pages\/42"}],"wp:attachment":[{"href":"https:\/\/www.stpaul.cl\/conservatorio2026\/index.php?rest_route=%2Fwp%2Fv2%2Fmedia&parent=2797"}],"curies":[{"name":"wp","href":"https:\/\/api.w.org\/{rel}","templated":true}]}}