{"id":39,"date":"2015-03-21T20:39:49","date_gmt":"2015-03-21T20:39:49","guid":{"rendered":"https:\/\/conservatoriostpaul.wordpress.com\/?page_id=39"},"modified":"2025-03-20T11:26:53","modified_gmt":"2025-03-20T11:26:53","slug":"direccion","status":"publish","type":"page","link":"https:\/\/www.stpaul.cl\/conservatorio2026\/?page_id=39","title":{"rendered":"DIRECCI\u00d3N"},"content":{"rendered":"<div class=\"translate-tooltip-mtz hidden\">\n<div class=\"controls\">\n<div class=\"controls__control-wrapper\">\n<div class=\"controls__inner-circle\"><img loading=\"lazy\" decoding=\"async\" class=\"wp-image-2760  alignleft\" src=\"https:\/\/stpaul.cl\/conservatorio2021\/wp-content\/uploads\/2024\/03\/Clau-_Alvaro-e1742469982567-180x300.jpg\" alt=\"\" width=\"157\" height=\"262\" srcset=\"https:\/\/www.stpaul.cl\/conservatorio2026\/wp-content\/uploads\/2024\/03\/Clau-_Alvaro-e1742469982567-180x300.jpg 180w, https:\/\/www.stpaul.cl\/conservatorio2026\/wp-content\/uploads\/2024\/03\/Clau-_Alvaro-e1742469982567-613x1024.jpg 613w, https:\/\/www.stpaul.cl\/conservatorio2026\/wp-content\/uploads\/2024\/03\/Clau-_Alvaro-e1742469982567-768x1283.jpg 768w, https:\/\/www.stpaul.cl\/conservatorio2026\/wp-content\/uploads\/2024\/03\/Clau-_Alvaro-e1742469982567.jpg 888w\" sizes=\"(max-width: 157px) 100vw, 157px\" \/><a href=\"https:\/\/stpaul.cl\/conservatorio2021\/wp-content\/uploads\/2024\/03\/IMG_6995.heic\"><img decoding=\"async\" class=\"alignnone size-full wp-image-2748\" src=\"https:\/\/stpaul.cl\/conservatorio2021\/wp-content\/uploads\/2024\/03\/IMG_6995.heic\" alt=\"\" \/><\/a><\/div>\n<\/div>\n<\/div>\n<\/div>\n<p>&nbsp;<\/p>\n<p>La coordinaci\u00f3n del Conservatorio St Paul&#8217;s est\u00e1 a cargo de\u00a0 \u00c1lvaro D\u00edaz Donoso, Jefe de Departamento Art\u00edstica y profesor de m\u00fasica del ciclo Senior.<\/p>\n<p>De acuerdo con nuestro proyecto educativo, el Conservatorio busca contribuir a la formaci\u00f3n integral del estudiante en el campo musical y a la vez, incentivar el trabajo participativo y colaborativo.<\/p>\n<p>&nbsp;<\/p>\n<p>&nbsp;<\/p>\n<p>&nbsp;<\/p>\n<p>&nbsp;<\/p>\n","protected":false},"excerpt":{"rendered":"<p>&nbsp; La coordinaci\u00f3n del Conservatorio St Paul&#8217;s est\u00e1 a cargo de\u00a0 \u00c1lvaro D\u00edaz Donoso, Jefe de Departamento Art\u00edstica y profesor de m\u00fasica del ciclo Senior. De acuerdo con nuestro proyecto educativo, el Conservatorio busca contribuir a la formaci\u00f3n integral del estudiante en el campo musical y a la vez, incentivar el trabajo participativo y colaborativo.&hellip;<\/p>\n","protected":false},"author":2,"featured_media":0,"parent":0,"menu_order":10,"comment_status":"closed","ping_status":"closed","template":"","meta":{"footnotes":""},"_links":{"self":[{"href":"https:\/\/www.stpaul.cl\/conservatorio2026\/index.php?rest_route=\/wp\/v2\/pages\/39"}],"collection":[{"href":"https:\/\/www.stpaul.cl\/conservatorio2026\/index.php?rest_route=\/wp\/v2\/pages"}],"about":[{"href":"https:\/\/www.stpaul.cl\/conservatorio2026\/index.php?rest_route=\/wp\/v2\/types\/page"}],"author":[{"embeddable":true,"href":"https:\/\/www.stpaul.cl\/conservatorio2026\/index.php?rest_route=\/wp\/v2\/users\/2"}],"replies":[{"embeddable":true,"href":"https:\/\/www.stpaul.cl\/conservatorio2026\/index.php?rest_route=%2Fwp%2Fv2%2Fcomments&post=39"}],"version-history":[{"count":15,"href":"https:\/\/www.stpaul.cl\/conservatorio2026\/index.php?rest_route=\/wp\/v2\/pages\/39\/revisions"}],"predecessor-version":[{"id":2773,"href":"https:\/\/www.stpaul.cl\/conservatorio2026\/index.php?rest_route=\/wp\/v2\/pages\/39\/revisions\/2773"}],"wp:attachment":[{"href":"https:\/\/www.stpaul.cl\/conservatorio2026\/index.php?rest_route=%2Fwp%2Fv2%2Fmedia&parent=39"}],"curies":[{"name":"wp","href":"https:\/\/api.w.org\/{rel}","templated":true}]}}