{"id":42,"date":"2015-03-21T20:40:04","date_gmt":"2015-03-21T20:40:04","guid":{"rendered":"https:\/\/conservatoriostpaul.wordpress.com\/?page_id=42"},"modified":"2025-03-20T11:29:29","modified_gmt":"2025-03-20T11:29:29","slug":"catedras","status":"publish","type":"page","link":"https:\/\/www.stpaul.cl\/conservatorio2026\/?page_id=42","title":{"rendered":"C\u00c1TEDRAS"},"content":{"rendered":"<h2><strong>C\u00c1TEDRAS\u00a0 y\u00a0 PROFESORES<\/strong><\/h2>\n<ol>\n<li><a href=\"http:\/\/stpaul.cl\/conservatorio2021\/catedras\/rocio-gutierrez\/\">CANTO \/ Roc\u00edo Guti\u00e9rrez<\/a><\/li>\n<li><a href=\"http:\/\/stpaul.cl\/conservatorio2021\/catedras\/claudia-moran\/\">GUITARRA CL\u00c1SICA \/ Claudia Mor\u00e1n<\/a><\/li>\n<li><a href=\"http:\/\/stpaul.cl\/conservatorio2021\/catedras\/violin-eduardo-vargas\/\">VIOL\u00cdN \/ Eduardo Vargas<\/a><\/li>\n<li><a href=\"http:\/\/stpaul.cl\/conservatorio2021\/catedras\/benjamin-sobenes\/\">PIANO INICIAL E INTERMEDIO \/ Benjam\u00edn Sobenes<\/a><\/li>\n<li><a href=\"http:\/\/stpaul.cl\/conservatorio2021\/catedras\/piano-federico-jimenez\/\">PIANO INTERMEDIO Y AVANZADO \/ Federico Jim\u00e9nez<\/a><\/li>\n<li><a href=\"http:\/\/stpaul.cl\/conservatorio2021\/catedras\/ricardo-andrade\/\">GUITARRA EL\u00c9CTRICA \/ Ricardo Andrade<\/a><\/li>\n<li><a href=\"http:\/\/stpaul.cl\/conservatorio2021\/catedras\/carlos-espinosa\/\">BAJO EL\u00c9CTRICO \/ Carlos Espinosa<\/a><\/li>\n<li><a href=\"http:\/\/stpaul.cl\/conservatorio2021\/catedras\/bateria-tomas-arancibia\/\">BATER\u00cdA \/ Tom\u00e1s Arancibia<\/a><\/li>\n<\/ol>\n","protected":false},"excerpt":{"rendered":"<p>C\u00c1TEDRAS\u00a0 y\u00a0 PROFESORES CANTO \/ Roc\u00edo Guti\u00e9rrez GUITARRA CL\u00c1SICA \/ Claudia Mor\u00e1n VIOL\u00cdN \/ Eduardo Vargas PIANO INICIAL E INTERMEDIO \/ Benjam\u00edn Sobenes PIANO INTERMEDIO Y AVANZADO \/ Federico Jim\u00e9nez GUITARRA EL\u00c9CTRICA \/ Ricardo Andrade BAJO EL\u00c9CTRICO \/ Carlos Espinosa BATER\u00cdA \/ Tom\u00e1s Arancibia<\/p>\n","protected":false},"author":2,"featured_media":0,"parent":0,"menu_order":30,"comment_status":"closed","ping_status":"closed","template":"","meta":{"footnotes":""},"_links":{"self":[{"href":"https:\/\/www.stpaul.cl\/conservatorio2026\/index.php?rest_route=\/wp\/v2\/pages\/42"}],"collection":[{"href":"https:\/\/www.stpaul.cl\/conservatorio2026\/index.php?rest_route=\/wp\/v2\/pages"}],"about":[{"href":"https:\/\/www.stpaul.cl\/conservatorio2026\/index.php?rest_route=\/wp\/v2\/types\/page"}],"author":[{"embeddable":true,"href":"https:\/\/www.stpaul.cl\/conservatorio2026\/index.php?rest_route=\/wp\/v2\/users\/2"}],"replies":[{"embeddable":true,"href":"https:\/\/www.stpaul.cl\/conservatorio2026\/index.php?rest_route=%2Fwp%2Fv2%2Fcomments&post=42"}],"version-history":[{"count":25,"href":"https:\/\/www.stpaul.cl\/conservatorio2026\/index.php?rest_route=\/wp\/v2\/pages\/42\/revisions"}],"predecessor-version":[{"id":2776,"href":"https:\/\/www.stpaul.cl\/conservatorio2026\/index.php?rest_route=\/wp\/v2\/pages\/42\/revisions\/2776"}],"wp:attachment":[{"href":"https:\/\/www.stpaul.cl\/conservatorio2026\/index.php?rest_route=%2Fwp%2Fv2%2Fmedia&parent=42"}],"curies":[{"name":"wp","href":"https:\/\/api.w.org\/{rel}","templated":true}]}}