{"id":672,"date":"2015-03-16T22:57:02","date_gmt":"2015-03-16T22:57:02","guid":{"rendered":"http:\/\/conservatoriostpaul.wordpress.com\/?page_id=1"},"modified":"2026-04-17T13:54:50","modified_gmt":"2026-04-17T13:54:50","slug":"conservatorio-st-pauls","status":"publish","type":"page","link":"https:\/\/www.stpaul.cl\/conservatorio2026\/?page_id=672","title":{"rendered":"CONSERVATORIO"},"content":{"rendered":"<div class=\"translate-tooltip-mtz hidden\">\n<div class=\"header\"><\/div>\n<\/div>\n<p>&nbsp;<\/p>\n<div>\n<div>\n<div>Este proyecto se inicia el a\u00f1o 2002, como una necesidad de ofrecer a nuestra comunidad clases de\u00a0instrumentos particulares dentro del establecimiento. Durante estos a\u00f1os hemos sido testigos de\u00a0la formaci\u00f3n musical de nuestros estudiantes, y c\u00f3mo esto les ha permitido obtener las herramientas\u00a0para ser parte del proyecto musical, tanto del conservatorio como del mismo colegio.<\/div>\n<\/div>\n<\/div>\n<p>El equipo de profesores es un grupo de m\u00fasicos destacados de la regi\u00f3n y de nuestro pa\u00eds. La gran\u00a0mayor\u00eda de ellos, lleva varios a\u00f1os formando m\u00fasicos con un sello particular, demostrado en las\u00a0presentaciones.<\/p>\n<p>Las clases est\u00e1n dirigidas a<\/p>\n<ul>\n<li aria-level=\"1\">Estudiantes regulares de nuestro colegio con matr\u00edcula 2026.<\/li>\n<li aria-level=\"1\">Funcionarios del colegio.<\/li>\n<li aria-level=\"1\">Hijos\/as de funcionarios del colegio con matr\u00edcula 2026.<\/li>\n<li aria-level=\"1\">Apoderados de hijos con matr\u00edcula 2026 siempre y cuando sea el \u201cApoderado de Cuentas\u201d<\/li>\n<\/ul>\n","protected":false},"excerpt":{"rendered":"<p>&nbsp; Este proyecto se inicia el a\u00f1o 2002, como una necesidad de ofrecer a nuestra comunidad clases de\u00a0instrumentos particulares dentro del establecimiento. Durante estos a\u00f1os hemos sido testigos de\u00a0la formaci\u00f3n musical de nuestros estudiantes, y c\u00f3mo esto les ha permitido obtener las herramientas\u00a0para ser parte del proyecto musical, tanto del conservatorio como del mismo colegio.&hellip;<\/p>\n","protected":false},"author":2,"featured_media":0,"parent":0,"menu_order":0,"comment_status":"closed","ping_status":"closed","template":"","meta":{"footnotes":""},"_links":{"self":[{"href":"https:\/\/www.stpaul.cl\/conservatorio2026\/index.php?rest_route=\/wp\/v2\/pages\/672"}],"collection":[{"href":"https:\/\/www.stpaul.cl\/conservatorio2026\/index.php?rest_route=\/wp\/v2\/pages"}],"about":[{"href":"https:\/\/www.stpaul.cl\/conservatorio2026\/index.php?rest_route=\/wp\/v2\/types\/page"}],"author":[{"embeddable":true,"href":"https:\/\/www.stpaul.cl\/conservatorio2026\/index.php?rest_route=\/wp\/v2\/users\/2"}],"replies":[{"embeddable":true,"href":"https:\/\/www.stpaul.cl\/conservatorio2026\/index.php?rest_route=%2Fwp%2Fv2%2Fcomments&post=672"}],"version-history":[{"count":53,"href":"https:\/\/www.stpaul.cl\/conservatorio2026\/index.php?rest_route=\/wp\/v2\/pages\/672\/revisions"}],"predecessor-version":[{"id":2811,"href":"https:\/\/www.stpaul.cl\/conservatorio2026\/index.php?rest_route=\/wp\/v2\/pages\/672\/revisions\/2811"}],"wp:attachment":[{"href":"https:\/\/www.stpaul.cl\/conservatorio2026\/index.php?rest_route=%2Fwp%2Fv2%2Fmedia&parent=672"}],"curies":[{"name":"wp","href":"https:\/\/api.w.org\/{rel}","templated":true}]}}